{"id":90,"date":"2026-02-18T13:56:22","date_gmt":"2026-02-18T13:56:22","guid":{"rendered":"https:\/\/centrofamigliemanopermano.it\/?page_id=90"},"modified":"2026-03-17T10:40:31","modified_gmt":"2026-03-17T10:40:31","slug":"chi-siamo","status":"publish","type":"page","link":"https:\/\/centrofamigliemanopermano.it\/?page_id=90","title":{"rendered":"Chi siamo"},"content":{"rendered":"\t\t<div data-elementor-type=\"wp-page\" data-elementor-id=\"90\" class=\"elementor elementor-90\" data-elementor-post-type=\"page\">\n\t\t\t\t\t\t<section class=\"elementor-section elementor-top-section elementor-element elementor-element-4edc1c2d elementor-section-boxed elementor-section-height-default elementor-section-height-default elementor-invisible\" data-id=\"4edc1c2d\" data-element_type=\"section\" data-e-type=\"section\" data-settings=\"{&quot;animation&quot;:&quot;fadeIn&quot;}\">\n\t\t\t\t\t\t\t<div class=\"elementor-background-overlay\"><\/div>\n\t\t\t\t\t\t\t<div class=\"elementor-container elementor-column-gap-default\">\n\t\t\t\t\t<div class=\"elementor-column elementor-col-100 elementor-top-column elementor-element elementor-element-3711da50 elementor-invisible\" data-id=\"3711da50\" data-element_type=\"column\" data-e-type=\"column\" data-settings=\"{&quot;background_background&quot;:&quot;classic&quot;,&quot;animation&quot;:&quot;fadeIn&quot;}\">\n\t\t\t<div class=\"elementor-widget-wrap elementor-element-populated\">\n\t\t\t\t\t<div class=\"elementor-background-overlay\"><\/div>\n\t\t\t\t\t\t<div class=\"elementor-element elementor-element-19cc4db2 elementor-invisible elementor-widget elementor-widget-heading\" data-id=\"19cc4db2\" data-element_type=\"widget\" data-e-type=\"widget\" data-settings=\"{&quot;_animation&quot;:&quot;fadeInUp&quot;}\" data-widget_type=\"heading.default\">\n\t\t\t\t<div class=\"elementor-widget-container\">\n\t\t\t\t\t<h6 class=\"elementor-heading-title elementor-size-default\">Centro Famiglie San Riccardo Pampuri<\/h6>\t\t\t\t<\/div>\n\t\t\t\t<\/div>\n\t\t\t\t<div class=\"elementor-element elementor-element-15f2f706 elementor-invisible elementor-widget elementor-widget-heading\" data-id=\"15f2f706\" data-element_type=\"widget\" data-e-type=\"widget\" data-settings=\"{&quot;_animation&quot;:&quot;fadeInUp&quot;}\" data-widget_type=\"heading.default\">\n\t\t\t\t<div class=\"elementor-widget-container\">\n\t\t\t\t\t<h1 class=\"elementor-heading-title elementor-size-default\">Chi siamo<\/h1>\t\t\t\t<\/div>\n\t\t\t\t<\/div>\n\t\t\t\t<div class=\"elementor-element elementor-element-4bd5b2b0 elementor-invisible elementor-widget elementor-widget-text-editor\" data-id=\"4bd5b2b0\" data-element_type=\"widget\" data-e-type=\"widget\" data-settings=\"{&quot;_animation&quot;:&quot;fadeInUp&quot;}\" data-widget_type=\"text-editor.default\">\n\t\t\t\t<div class=\"elementor-widget-container\">\n\t\t\t\t\t\t\t\t\t<p>Specializzata in interventi di tipo socioassistenziale e socioeducativo<\/p>\t\t\t\t\t\t\t\t<\/div>\n\t\t\t\t<\/div>\n\t\t\t\t\t<\/div>\n\t\t<\/div>\n\t\t\t\t\t<\/div>\n\t\t<\/section>\n\t\t\t\t<section class=\"elementor-section elementor-top-section elementor-element elementor-element-358ba3dc elementor-section-boxed elementor-section-height-default elementor-section-height-default\" data-id=\"358ba3dc\" data-element_type=\"section\" data-e-type=\"section\">\n\t\t\t\t\t\t<div class=\"elementor-container elementor-column-gap-default\">\n\t\t\t\t\t<div class=\"elementor-column elementor-col-50 elementor-top-column elementor-element elementor-element-b5b0155\" data-id=\"b5b0155\" data-element_type=\"column\" data-e-type=\"column\">\n\t\t\t<div class=\"elementor-widget-wrap elementor-element-populated\">\n\t\t\t\t\t\t<div class=\"elementor-element elementor-element-71362554 elementor-invisible elementor-widget elementor-widget-heading\" data-id=\"71362554\" data-element_type=\"widget\" data-e-type=\"widget\" data-settings=\"{&quot;_animation&quot;:&quot;fadeInUp&quot;}\" data-widget_type=\"heading.default\">\n\t\t\t\t<div class=\"elementor-widget-container\">\n\t\t\t\t\t<h2 class=\"elementor-heading-title elementor-size-default\">Uno spazio di ascolto, orientamento e supporto<\/h2>\t\t\t\t<\/div>\n\t\t\t\t<\/div>\n\t\t\t\t<div class=\"elementor-element elementor-element-bf6fd18 elementor-invisible elementor-widget elementor-widget-image\" data-id=\"bf6fd18\" data-element_type=\"widget\" data-e-type=\"widget\" data-settings=\"{&quot;_animation&quot;:&quot;fadeInUp&quot;}\" data-widget_type=\"image.default\">\n\t\t\t\t<div class=\"elementor-widget-container\">\n\t\t\t\t\t\t\t\t\t\t\t\t\t\t\t<img fetchpriority=\"high\" decoding=\"async\" width=\"330\" height=\"202\" src=\"https:\/\/centrofamigliemanopermano.it\/wp-content\/uploads\/2026\/02\/centro-famiglie-foggia.png\" class=\"attachment-full size-full wp-image-112\" alt=\"\" srcset=\"https:\/\/centrofamigliemanopermano.it\/wp-content\/uploads\/2026\/02\/centro-famiglie-foggia.png 330w, https:\/\/centrofamigliemanopermano.it\/wp-content\/uploads\/2026\/02\/centro-famiglie-foggia-300x184.png 300w\" sizes=\"(max-width: 330px) 100vw, 330px\" \/>\t\t\t\t\t\t\t\t\t\t\t\t\t\t\t<\/div>\n\t\t\t\t<\/div>\n\t\t\t\t<div class=\"elementor-element elementor-element-8783371 elementor-invisible elementor-widget elementor-widget-image\" data-id=\"8783371\" data-element_type=\"widget\" data-e-type=\"widget\" data-settings=\"{&quot;_animation&quot;:&quot;fadeInUp&quot;}\" data-widget_type=\"image.default\">\n\t\t\t\t<div class=\"elementor-widget-container\">\n\t\t\t\t\t\t\t\t\t\t\t\t\t\t\t<img decoding=\"async\" width=\"750\" height=\"500\" src=\"https:\/\/centrofamigliemanopermano.it\/wp-content\/uploads\/2025\/05\/18.jpg\" class=\"attachment-full size-full wp-image-40\" alt=\"\" srcset=\"https:\/\/centrofamigliemanopermano.it\/wp-content\/uploads\/2025\/05\/18.jpg 750w, https:\/\/centrofamigliemanopermano.it\/wp-content\/uploads\/2025\/05\/18-300x200.jpg 300w\" sizes=\"(max-width: 750px) 100vw, 750px\" \/>\t\t\t\t\t\t\t\t\t\t\t\t\t\t\t<\/div>\n\t\t\t\t<\/div>\n\t\t\t\t\t<\/div>\n\t\t<\/div>\n\t\t\t\t<div class=\"elementor-column elementor-col-50 elementor-top-column elementor-element elementor-element-319549e0\" data-id=\"319549e0\" data-element_type=\"column\" data-e-type=\"column\">\n\t\t\t<div class=\"elementor-widget-wrap elementor-element-populated\">\n\t\t\t\t\t\t<div class=\"elementor-element elementor-element-15c86462 elementor-invisible elementor-widget elementor-widget-text-editor\" data-id=\"15c86462\" data-element_type=\"widget\" data-e-type=\"widget\" data-settings=\"{&quot;_animation&quot;:&quot;fadeInUp&quot;}\" data-widget_type=\"text-editor.default\">\n\t\t\t\t<div class=\"elementor-widget-container\">\n\t\t\t\t\t\t\t\t\t<h5>La nostra storia<\/h5><p>Il Centro Famiglie Mano per Mano a far data dal 23 luglio 2024 \u00e8 gestito dalla cooperativa <strong>San Riccardo Pampuri<\/strong> \u00e8 l\u2019Ente gestore del Centro Servizi per le famiglie dell\u2019Ambito Territoriale di San Severo, denominato \u201cMano per mano\u201d e sito in via Ponchielli snc.<\/p><p>Il Centro Famiglie nasce con l\u2019intento di promuovere e sostenere momenti di confronto e riflessione sullo stile educativo genitoriale e sulla comunicazione in famiglia, attraverso una pluralit\u00e0 di servizi di carattere educativo, informativo, di confronto e di scambio di esperienze.<\/p><p>Se da una parte il Centro svolge un\u2019importante funzione di aggregazione\u00a0 intorno a tematiche importanti che valorizzano l\u2019esperienza genitoriale mettendone in\u00a0 risalto gli elementi comuni che la rappresentano come un\u2019esperienza di molti, dall\u2019altra lo stesso funge da sostegno nelle fasi evolutive pi\u00f9 delicate della crescita:\u00a0 un sostegno specifico che diventa significativo se tiene conto oltre che degli\u00a0 elementi comuni della relazione genitore-figlio, anche degli aspetti di unicit\u00e0 di questo rapporto che lo rendono esclusivo.<\/p>\t\t\t\t\t\t\t\t<\/div>\n\t\t\t\t<\/div>\n\t\t\t\t\t<\/div>\n\t\t<\/div>\n\t\t\t\t\t<\/div>\n\t\t<\/section>\n\t\t\t\t<section class=\"elementor-section elementor-top-section elementor-element elementor-element-2c45bab7 elementor-section-boxed elementor-section-height-default elementor-section-height-default\" data-id=\"2c45bab7\" data-element_type=\"section\" data-e-type=\"section\">\n\t\t\t\t\t\t<div class=\"elementor-container elementor-column-gap-default\">\n\t\t\t\t\t<div class=\"elementor-column elementor-col-100 elementor-top-column elementor-element elementor-element-21321c3a\" data-id=\"21321c3a\" data-element_type=\"column\" data-e-type=\"column\">\n\t\t\t<div class=\"elementor-widget-wrap elementor-element-populated\">\n\t\t\t\t\t\t<div class=\"elementor-element elementor-element-1466bea5 elementor-invisible elementor-widget elementor-widget-text-editor\" data-id=\"1466bea5\" data-element_type=\"widget\" data-e-type=\"widget\" data-settings=\"{&quot;_animation&quot;:&quot;fadeInUp&quot;}\" data-widget_type=\"text-editor.default\">\n\t\t\t\t<div class=\"elementor-widget-container\">\n\t\t\t\t\t\t\t\t\t<p>I principi che ispirano le attivit\u00e0 del Centro hanno origine da una visione caratterizzata:<\/p><ul><li>dall\u2019integralit\u00e0, dalla globalit\u00e0 e relazionalit\u00e0 delle diverse dimensioni della persona umana;<\/li><li>dal riconoscimento del ruolo della famiglia nella formazione dell\u2019individuo e della sua dimensione relazionale;<\/li><li>dall\u2019affermazione della dignit\u00e0 e del rispetto della vita umana sin dal concepimento;<\/li><li>dalla promozione del benessere della persona, del rispetto e della tutela della vita umana in tutte le sue forme<\/li><\/ul><p>Pertanto, gli obiettivi specifici del Centro riguardano:<\/p><p>&#8211; costruire spazi di riferimento per le famiglie, favorendo i momenti di ascolto e di orientamento;<\/p><p>&#8211; costruire reti di supporto alle relazioni familiari finalizzate alla prevenzione e al superamento delle situazioni di crisi e di disagio psico-sociale e relazionale che possono verificarsi all\u2019interno di famiglie con figli minori;<\/p><p>&#8211; sensibilizzare, promuovere e diffondere la cultura dell\u2019affido;<\/p><p>&#8211; sostenere la corresponsabilit\u00e0 educativa dei genitori in presenza di momenti difficili nel ciclo familiare;<\/p><p>&#8211; informare e orientare sui servizi socioeducativi, sanitari e sociosanitari del territorio.<\/p><p>Fondamentale tra le attivit\u00e0 del Centro \u00e8 anche la collaborazione con altri enti e organizzazioni territoriali che si occupano di infanzia e famiglia: con le istituzioni educative e scolastiche, i servizi sociali e sanitari sia per favorire il benessere delle famiglie; con le Associazioni di volontariato e Promozione Sociale, le cooperative sociali ed altri Enti no profit che promuovono progetti a sostegno delle famiglie.<\/p><p>Presso il Centro famiglie di San Severo, le attivit\u00e0 si espletano ed estendono a tutti i comuni dell\u2019Ambito di zona, attraverso la presenza delle operatrici del Centro, nei giorni da concordare con le referenti dei Servizi Sociali, per un monte ore pari a 4 mensili.<\/p><p>\u00a0\u00a0\u00a0\u00a0\u00a0\u00a0\u00a0\u00a0\u00a0\u00a0\u00a0<\/p><p>I giorni e gli orari di apertura della sede di San Severo sono i seguenti:<\/p><ul><li>luned\u00ec, mercoled\u00ec e venerd\u00ec dalle ore 9.00 alle ore 13.00;<\/li><li>marted\u00ec e gioved\u00ec dalle ore 16.00 alle ore 19.00<\/li><\/ul><p>\u00a0<\/p><p>I molteplici servizi gratuiti sono dedicati alle famiglie, alle coppie e ai genitori residenti o insistenti nel territorio e inviati dai Servizi Sociali.<\/p>\t\t\t\t\t\t\t\t<\/div>\n\t\t\t\t<\/div>\n\t\t\t\t\t<\/div>\n\t\t<\/div>\n\t\t\t\t\t<\/div>\n\t\t<\/section>\n\t\t\t\t<\/div>\n\t\t","protected":false},"excerpt":{"rendered":"<p>Centro Famiglie San Riccardo Pampuri Chi siamo Specializzata in interventi di tipo socioassistenziale e socioeducativo Uno spazio di ascolto, orientamento e supporto La nostra storia Il Centro Famiglie Mano per Mano a far data dal 23 luglio 2024 \u00e8 gestito dalla cooperativa San Riccardo Pampuri \u00e8 l\u2019Ente gestore del Centro Servizi per le famiglie dell\u2019Ambito [&hellip;]<\/p>\n","protected":false},"author":1,"featured_media":0,"parent":0,"menu_order":0,"comment_status":"closed","ping_status":"closed","template":"elementor_header_footer","meta":{"footnotes":""},"class_list":["post-90","page","type-page","status-publish","hentry"],"_links":{"self":[{"href":"https:\/\/centrofamigliemanopermano.it\/index.php?rest_route=\/wp\/v2\/pages\/90","targetHints":{"allow":["GET"]}}],"collection":[{"href":"https:\/\/centrofamigliemanopermano.it\/index.php?rest_route=\/wp\/v2\/pages"}],"about":[{"href":"https:\/\/centrofamigliemanopermano.it\/index.php?rest_route=\/wp\/v2\/types\/page"}],"author":[{"embeddable":true,"href":"https:\/\/centrofamigliemanopermano.it\/index.php?rest_route=\/wp\/v2\/users\/1"}],"replies":[{"embeddable":true,"href":"https:\/\/centrofamigliemanopermano.it\/index.php?rest_route=%2Fwp%2Fv2%2Fcomments&post=90"}],"version-history":[{"count":10,"href":"https:\/\/centrofamigliemanopermano.it\/index.php?rest_route=\/wp\/v2\/pages\/90\/revisions"}],"predecessor-version":[{"id":218,"href":"https:\/\/centrofamigliemanopermano.it\/index.php?rest_route=\/wp\/v2\/pages\/90\/revisions\/218"}],"wp:attachment":[{"href":"https:\/\/centrofamigliemanopermano.it\/index.php?rest_route=%2Fwp%2Fv2%2Fmedia&parent=90"}],"curies":[{"name":"wp","href":"https:\/\/api.w.org\/{rel}","templated":true}]}}